{"id":74,"date":"2025-02-26T12:24:29","date_gmt":"2025-02-26T12:24:29","guid":{"rendered":"http:\/\/splitfilmfestival.local\/festival\/"},"modified":"2026-02-03T09:56:29","modified_gmt":"2026-02-03T09:56:29","slug":"festival","status":"publish","type":"page","link":"https:\/\/splitfilmfestival.hr\/hr\/festival\/","title":{"rendered":"Festival"},"content":{"rendered":"\n<div class=\"wp-block-columns is-layout-flex wp-container-core-columns-is-layout-9d6595d7 wp-block-columns-is-layout-flex\">\n<div class=\"wp-block-column is-layout-flow wp-block-column-is-layout-flow\">\n<h2 class=\"wp-block-heading\">O festivalu \/ Koncept<\/h2>\n\n\n\n<p class=\"text-justify\">Split Film Festival me\u0111unarodni je filmski festival <strong>posve\u0107en eksperimentalnim, inovativnim i autorski utemeljenim filmskim i audiovizualnim praksama<\/strong>. Osnovan je 1996. godine u povijesnom gradu Splitu kao nezavisna inicijativa <strong>Branka Karabati\u0107a<\/strong> te predstavlja <strong>najstariju me\u0111unarodnu filmsku i medijsku manifestaciju u Hrvatskoj<\/strong>. Od samih po\u010detaka festival zauzima prepoznatljivu poziciju u me\u0111unarodnom festivalskom kontekstu, dosljedno djeluju\u0107i izvan dominantnih industrijskih, \u017eanrovskih i tr\u017ei\u0161no orijentiranih okvira.<\/p>\n\n\n\n<p class=\"text-justify\">Split Film Festival djeluje kao prostor u kojem se film do\u017eivljava kao <strong>oblik mi\u0161ljenja s potencijalom transformacije iskustva stvarnosti<\/strong>, usmjeren na<strong> propitivanje<\/strong> ustaljenih na\u010dina gledanja i razumijevanja. Kako glasi dugogodi\u0161nja festivalska filozofija:<\/p>\n\n\n\n<blockquote class=\"wp-block-quote is-layout-flow wp-block-quote-is-layout-flow\">\n<p class=\"text-justify\">\u201eEnergija i umjetnikova osobna vizija, koju \u0107emo izvjesno osjetiti kod nekih radova \u0161to \u0107e biti prikazani na festivalu, mo\u017eda \u0107e dotaknuti na\u0161u svijest, umanjiti na\u0161u samova\u017enost i omogu\u0107iti nam da se oslobodimo okova na\u0161ih svakodnevnih navika, te pomo\u0107i da izdr\u017eimo, i \u010dak u\u017eivamo u ovom stravi\u010dnom, ali i najljep\u0161em svijetu.\u201c<\/p>\n<\/blockquote>\n\n\n\n<p class=\"text-justify\">Podr\u017eavaju\u0107i razli\u010dite oblike vizualnog pripovijedanja, od klasi\u010dnih filmskih formi do suvremenih digitalnih i tehnolo\u0161kih pristupa, Split Film Festival kontinuirano gradi <strong>prostor umjetni\u010dke slobode, eksperimenta i autorske odgovornosti unutar suvremene audiovizualne kulture.<\/strong><\/p>\n<\/div>\n\n\n\n<div class=\"wp-block-column is-layout-flow wp-block-column-is-layout-flow\">\n<h2 class=\"wp-block-heading\">Film kao jezik, proces i istra\u017eivanje<\/h2>\n\n\n\n<p class=\"text-justify\">U sredi\u0161tu identiteta festivala nalazi se specifi\u010dan na\u010din <strong>promi\u0161ljanja filma<\/strong>. Film se ne shva\u0107a isklju\u010divo kao zavr\u0161eno djelo ili proizvod, ve\u0107 kao j<strong>ezik, proces i polje umjetni\u010dkog istra\u017eivanja<\/strong>. Festival je usmjeren na radove koji propituju vlastitu formu, uvjete nastanka i na\u010dine percepcije, filmove koji razmi\u0161ljaju o odnosima slike, zvuka, vremena, naracije i tijela, umjesto da reproduciraju ustaljene filmske modele.\r\n<\/p>\n\n\n\n<p class=\"text-justify\"><strong>Eksperimentalna praksa pritom nije ograni\u010dena na poseban segment programa, ve\u0107 pro\u017eima cjelokupni kustoski pristup festivala<\/strong>. Umjetni\u010dki rizik, formalno istra\u017eivanje i osobna vizija predstavljaju temeljne kriterije selekcije. Umjesto prilagodbe industrijskim o\u010dekivanjima ili tr\u017ei\u0161noj vidljivosti, festival daje prednost autorskim pozicijama koje svjesno djeluju na rubovima filma, \u010desto pro\u0161iruju\u0107i i redefiniraju\u0107i njegove mogu\u0107nosti.<\/p>\n\n\n\n<p class=\"text-justify\"><\/p>\n<\/div>\n<\/div>\n\n\n\n<h2 class=\"wp-block-heading\">Povijest<\/h2>\n\n\n\n<p class=\"text-justify\">Od svojih prvih izdanja Split Film Festival sustavno predstavlja<strong> nova, eksperimentalna, progresivna i radikalna ostvarenja<\/strong> svih \u017eanrova i formata, s nagla\u0161enim interesom za <strong>autorstvo i kreativnu autonomiju<\/strong>. Tijekom gotovo tri desetlje\u0107a kontinuiranog djelovanja festival se razvio u jednu od klju\u010dnih platformi za eksperimentalni i autorski film u regiji.\r\n<\/p>\n\n\n\n<p class=\"text-justify\">U svom programu redovito donosi filmove s vode\u0107ih svjetskih festivala poput festivala u <strong>Cannesu, Berlinu i Rotterdamu<\/strong>, ali i manje poznata, kontekstualno va\u017ena djela iz cijelog svijeta, \u010desto predstavljena kao <strong>hrvatske premijere.<\/strong><\/p>\n\n\n\n<p class=\"text-justify\">Me\u0111unarodni ugled festival je izgradio i kroz retrospektive, masterclassove, radionice i autorske fokus-sekcije, predstavljaju\u0107i i sura\u0111uju\u0107i s istaknutim filmskim autorima i umjetnicima kao \u0161to su <strong>B\u00e9la Tarr, Lars von Trier, Orson Welles, Peter Kubelka i Nam June Paik<\/strong>. <\/p>\n\n\n\n<p class=\"text-justify\">Uz filmske projekcije festival kontinuirano razvija izlo\u017ebene, expanded-cinema i interdisciplinarne programe, me\u0111u kojima se isti\u010de <strong>Midnight Moment<\/strong>, realiziran u suradnji s <strong>New York Streaming Museumom<\/strong>, \u010dime se festival jasno pozicionira na sjeci\u0161tu filma i suvremene umjetnosti.\r\n<\/p>\n\n\n\n<p class=\"text-justify\">Sastavni dio identiteta Split Film Festivala \u010dini i njegov sna\u017eno razvijen vizualni jezik. Vizualni identitet festivala tijekom godina oblikovali su istaknuti dizajneri i vizualni autori poput G<strong>orkog \u017duvele, Borisa Ljubi\u010di\u0107a, Viktora Popovi\u0107a, Petera Bilaka i Duje \u0160kari\u010di\u0107a<\/strong>. Vizualni identitet pritom ne funkcionira samo kao promotivni alat, ve\u0107 kao produ\u017eetak kustoske i umjetni\u010dke pozicije festivala, nagla\u0161avaju\u0107i dosljednost, konceptualnost i eksperimentalni karakter programa.<\/p>\n\n\n\n<div class=\"wp-block-columns text-justify is-layout-flex wp-container-core-columns-is-layout-9d6595d7 wp-block-columns-is-layout-flex\">\n<div class=\"wp-block-column text-justify is-layout-flow wp-block-column-is-layout-flow\" style=\"flex-basis:50%\">\n<h2 class=\"wp-block-heading\">Programska struktura<\/h2>\n\n\n\n<p class=\"text-justify\">Kustoski pristup Split Film Festivala jasno je artikuliran i vidljiv kroz cjelokupan program. Festival prihva\u0107a <strong>hibridne, interdisciplinarne i pro\u0161irene oblike<\/strong>, uklju\u010duju\u0107i eksperimentalni film, video umjetnost, nove medije, umjetni\u010dke prakse temeljene na umjetnoj inteligenciji te radove koji se nalaze izme\u0111u filma, suvremene umjetnosti i digitalne kulture.<\/p>\n\n\n\n<p class=\"text-justify\">Split Film Festival strukturiran je kroz natjecateljske i kustoski oblikovane programske cjeline, shva\u0107ene kao fleksibilni okviri, a ne kao strogo definirane kategorije. Svi prijavljeni filmovi <strong>razmatraju se unutar cjelokupnog festivalskog programa<\/strong>, pri \u010demu je njihovo pozicioniranje odre\u0111eno umjetni\u010dkim pristupom, tematskom blisko\u0161\u0107u i kustoskim kontekstom. Programske cjeline ostaju otvorene strukture \u010diji se opseg i konfiguracija mogu mijenjati iz godine u godinu, u skladu s kustoskom vizijom pojedinog izdanja festivala.\r\n\r\n<\/p>\n<\/div>\n\n\n\n<div class=\"wp-block-column is-layout-flow wp-block-column-is-layout-flow\" style=\"flex-basis:50%\">\n<h2 class=\"wp-block-heading\">Nagrade<\/h2>\n\n\n\n<p class=\"text-justify\">Na Split Film Festivalu me\u0111unarodni \u017eiriji dodjeljuju nagrade koje odra\u017eavaju dugogodi\u0161nju predanost autorstvu, inovaciji i istra\u017eivanju filmskog jezika.\r\n<\/p>\n\n\n\n<ul class=\"wp-block-list\">\n<li>Grand Prix za dugometra\u017eni film<\/li>\n\n\n\n<li>Grand Prix za kratkometra\u017eni film<\/li>\n\n\n\n<li>Grand Prix za nove medije (Galerijski program)<\/li>\n\n\n\n<li>Po\u010dasna priznanja<\/li>\n\n\n\n<li>Nagrada &#8220;Ivan Martinac&#8221;<\/li>\n\n\n\n<li>Posebna festivalska nagrada<\/li>\n<\/ul>\n\n\n\n<p class=\"text-justify\">Zajedno, ove nagrade \u010dine vrijednosni okvir festivala, nagla\u0161avaju\u0107i film kao otvorenu, istra\u017eiva\u010dku i trajno promjenjivu umjetni\u010dku praksu.<\/p>\n\n\n\n<p><br><\/p>\n<\/div>\n<\/div>\n\n\n\n<h2 class=\"wp-block-heading\">Festival danas: prostor susreta i razmjene<\/h2>\n\n\n\n<p class=\"text-justify\">Danas Split Film Festival djeluje kao <strong>mjesto susreta<\/strong> filmskih autora, umjetnika, kustosa i publike koje povezuje interes za film kao otvorenu i promjenjivu umjetni\u010dku praksu. Ta pozicija predstavlja nastavak dugogodi\u0161nje orijentacije festivala prema progresivnim, istra\u017eiva\u010dkim i eksperimentalnim pristupima filmu i pokretnoj slici.<\/p>\n\n\n\n<p class=\"text-justify\">Smje\u0161ten u povijesni mediteranski grad oblikovan slojevima trajanja, memorije i promjene, festival suvremene filmske prakse promi\u0161lja u dijalogu s prostorom i kontekstom u kojem se odvija. Povijest ovdje nije stati\u010dna kulisa, ve\u0107 aktivni sugovornik koji omogu\u0107uje jasnije sagledavanje novih, hibridnih i istra\u017eiva\u010dkih formi. Upravo se u toj <strong>napetosti izme\u0111u kontinuiteta i promjene<\/strong> oblikuje identitet festivala kakav danas poznajemo.<\/p>\n\n\n\n<p class=\"text-justify\">Uz svoj umjetni\u010dki i kustoski fokus, Split Film Festival njeguje i vrijednosti razmjene, razgovora i susreta. Odr\u017eavaju\u0107i se krajem ljeta, u opu\u0161tenom ritmu grada, festival stvara uvjete u kojima se filmsko iskustvo prirodno nastavlja izvan projekcija, kroz razgovore, dru\u017eenja i dijeljenje ideja. <strong>Ta otvorenost i neposrednost nisu zami\u0161ljene kao spektakl, ve\u0107 kao radni uvjet koji poti\u010de dijalog, znati\u017eelju i stvarne veze<\/strong>, jasno razlikuju\u0107i atmosferu festivala od strukturiranih doga\u0111anja filmske industrije.<\/p>\n","protected":false},"excerpt":{"rendered":"<p>O festivalu \/ Koncept Split Film Festival me\u0111unarodni je filmski festival posve\u0107en eksperimentalnim, inovativnim i autorski utemeljenim filmskim i audiovizualnim praksama. Osnovan je 1996. godine u povijesnom gradu Splitu kao nezavisna inicijativa Branka Karabati\u0107a te predstavlja najstariju me\u0111unarodnu filmsku i medijsku manifestaciju u Hrvatskoj. Od samih po\u010detaka festival zauzima prepoznatljivu poziciju u me\u0111unarodnom festivalskom kontekstu, [&hellip;]<\/p>\n","protected":false},"author":1,"featured_media":0,"parent":0,"menu_order":0,"comment_status":"closed","ping_status":"closed","template":"","meta":{"_acf_changed":false,"footnotes":""},"class_list":["post-74","page","type-page","status-publish","hentry"],"acf":[],"yoast_head":"<!-- This site is optimized with the Yoast SEO plugin v27.4 - https:\/\/yoast.com\/product\/yoast-seo-wordpress\/ -->\n<title>Festival - Split Film Festival<\/title>\n<meta name=\"description\" content=\"Split Film Festival me\u0111unarodni je filmski festival posve\u0107en eksperimentalnim, inovativnim i autorski utemeljenim\" \/>\n<meta name=\"robots\" content=\"index, follow, max-snippet:-1, max-image-preview:large, max-video-preview:-1\" \/>\n<link rel=\"canonical\" href=\"https:\/\/splitfilmfestival.hr\/hr\/festival\/\" \/>\n<meta property=\"og:locale\" content=\"hr_HR\" \/>\n<meta property=\"og:type\" content=\"article\" \/>\n<meta property=\"og:title\" content=\"Festival - Split Film Festival\" \/>\n<meta property=\"og:description\" content=\"Split Film Festival me\u0111unarodni je filmski festival posve\u0107en eksperimentalnim, inovativnim i autorski utemeljenim\" \/>\n<meta property=\"og:url\" content=\"https:\/\/splitfilmfestival.hr\/hr\/festival\/\" \/>\n<meta property=\"og:site_name\" content=\"Split Film Festival\" \/>\n<meta property=\"article:publisher\" content=\"https:\/\/www.facebook.com\/SplitFilmFestival\" \/>\n<meta property=\"article:modified_time\" content=\"2026-02-03T09:56:29+00:00\" \/>\n<meta property=\"og:image\" content=\"https:\/\/splitfilmfestival.hr\/wp-content\/uploads\/2025\/04\/newHomepageTestHorizontal-scaled.webp\" \/>\n\t<meta property=\"og:image:width\" content=\"2560\" \/>\n\t<meta property=\"og:image:height\" content=\"1584\" \/>\n\t<meta property=\"og:image:type\" content=\"image\/webp\" \/>\n<meta name=\"twitter:card\" content=\"summary_large_image\" \/>\n<meta name=\"twitter:site\" content=\"@splitfmfest\" \/>\n<meta name=\"twitter:label1\" content=\"Procijenjeno vrijeme \u010ditanja\" \/>\n\t<meta name=\"twitter:data1\" content=\"4 minute\" \/>\n<script type=\"application\/ld+json\" class=\"yoast-schema-graph\">{\"@context\":\"https:\\\/\\\/schema.org\",\"@graph\":[{\"@type\":\"WebPage\",\"@id\":\"https:\\\/\\\/splitfilmfestival.hr\\\/hr\\\/festival\\\/\",\"url\":\"https:\\\/\\\/splitfilmfestival.hr\\\/hr\\\/festival\\\/\",\"name\":\"Festival - Split Film Festival\",\"isPartOf\":{\"@id\":\"https:\\\/\\\/splitfilmfestival.hr\\\/hr\\\/#website\"},\"datePublished\":\"2025-02-26T12:24:29+00:00\",\"dateModified\":\"2026-02-03T09:56:29+00:00\",\"description\":\"Split Film Festival me\u0111unarodni je filmski festival posve\u0107en eksperimentalnim, inovativnim i autorski utemeljenim\",\"breadcrumb\":{\"@id\":\"https:\\\/\\\/splitfilmfestival.hr\\\/hr\\\/festival\\\/#breadcrumb\"},\"inLanguage\":\"hr\",\"potentialAction\":[{\"@type\":\"ReadAction\",\"target\":[\"https:\\\/\\\/splitfilmfestival.hr\\\/hr\\\/festival\\\/\"]}]},{\"@type\":\"BreadcrumbList\",\"@id\":\"https:\\\/\\\/splitfilmfestival.hr\\\/hr\\\/festival\\\/#breadcrumb\",\"itemListElement\":[{\"@type\":\"ListItem\",\"position\":1,\"name\":\"Home\",\"item\":\"https:\\\/\\\/splitfilmfestival.hr\\\/hr\\\/\"},{\"@type\":\"ListItem\",\"position\":2,\"name\":\"Festival\"}]},{\"@type\":\"WebSite\",\"@id\":\"https:\\\/\\\/splitfilmfestival.hr\\\/hr\\\/#website\",\"url\":\"https:\\\/\\\/splitfilmfestival.hr\\\/hr\\\/\",\"name\":\"Split Film Festival\",\"description\":\"\",\"publisher\":{\"@id\":\"https:\\\/\\\/splitfilmfestival.hr\\\/hr\\\/#organization\"},\"potentialAction\":[{\"@type\":\"SearchAction\",\"target\":{\"@type\":\"EntryPoint\",\"urlTemplate\":\"https:\\\/\\\/splitfilmfestival.hr\\\/hr\\\/?s={search_term_string}\"},\"query-input\":{\"@type\":\"PropertyValueSpecification\",\"valueRequired\":true,\"valueName\":\"search_term_string\"}}],\"inLanguage\":\"hr\"},{\"@type\":\"Organization\",\"@id\":\"https:\\\/\\\/splitfilmfestival.hr\\\/hr\\\/#organization\",\"name\":\"Split Film Festival\",\"url\":\"https:\\\/\\\/splitfilmfestival.hr\\\/hr\\\/\",\"logo\":{\"@type\":\"ImageObject\",\"inLanguage\":\"hr\",\"@id\":\"https:\\\/\\\/splitfilmfestival.hr\\\/hr\\\/#\\\/schema\\\/logo\\\/image\\\/\",\"url\":\"https:\\\/\\\/splitfilmfestival.hr\\\/wp-content\\\/uploads\\\/2025\\\/03\\\/cropped-favicon-1.png\",\"contentUrl\":\"https:\\\/\\\/splitfilmfestival.hr\\\/wp-content\\\/uploads\\\/2025\\\/03\\\/cropped-favicon-1.png\",\"width\":512,\"height\":512,\"caption\":\"Split Film Festival\"},\"image\":{\"@id\":\"https:\\\/\\\/splitfilmfestival.hr\\\/hr\\\/#\\\/schema\\\/logo\\\/image\\\/\"},\"sameAs\":[\"https:\\\/\\\/www.facebook.com\\\/SplitFilmFestival\",\"https:\\\/\\\/x.com\\\/splitfmfest\",\"https:\\\/\\\/www.instagram.com\\\/splitfmf\\\/\",\"https:\\\/\\\/www.youtube.com\\\/channel\\\/UC5QMGP9-cGdtWjgWoyI6CtA\\\/videos\"]}]}<\/script>\n<!-- \/ Yoast SEO plugin. -->","yoast_head_json":{"title":"Festival - Split Film Festival","description":"Split Film Festival me\u0111unarodni je filmski festival posve\u0107en eksperimentalnim, inovativnim i autorski utemeljenim","robots":{"index":"index","follow":"follow","max-snippet":"max-snippet:-1","max-image-preview":"max-image-preview:large","max-video-preview":"max-video-preview:-1"},"canonical":"https:\/\/splitfilmfestival.hr\/hr\/festival\/","og_locale":"hr_HR","og_type":"article","og_title":"Festival - Split Film Festival","og_description":"Split Film Festival me\u0111unarodni je filmski festival posve\u0107en eksperimentalnim, inovativnim i autorski utemeljenim","og_url":"https:\/\/splitfilmfestival.hr\/hr\/festival\/","og_site_name":"Split Film Festival","article_publisher":"https:\/\/www.facebook.com\/SplitFilmFestival","article_modified_time":"2026-02-03T09:56:29+00:00","og_image":[{"width":2560,"height":1584,"url":"https:\/\/splitfilmfestival.hr\/wp-content\/uploads\/2025\/04\/newHomepageTestHorizontal-scaled.webp","type":"image\/webp"}],"twitter_card":"summary_large_image","twitter_site":"@splitfmfest","twitter_misc":{"Procijenjeno vrijeme \u010ditanja":"4 minute"},"schema":{"@context":"https:\/\/schema.org","@graph":[{"@type":"WebPage","@id":"https:\/\/splitfilmfestival.hr\/hr\/festival\/","url":"https:\/\/splitfilmfestival.hr\/hr\/festival\/","name":"Festival - Split Film Festival","isPartOf":{"@id":"https:\/\/splitfilmfestival.hr\/hr\/#website"},"datePublished":"2025-02-26T12:24:29+00:00","dateModified":"2026-02-03T09:56:29+00:00","description":"Split Film Festival me\u0111unarodni je filmski festival posve\u0107en eksperimentalnim, inovativnim i autorski utemeljenim","breadcrumb":{"@id":"https:\/\/splitfilmfestival.hr\/hr\/festival\/#breadcrumb"},"inLanguage":"hr","potentialAction":[{"@type":"ReadAction","target":["https:\/\/splitfilmfestival.hr\/hr\/festival\/"]}]},{"@type":"BreadcrumbList","@id":"https:\/\/splitfilmfestival.hr\/hr\/festival\/#breadcrumb","itemListElement":[{"@type":"ListItem","position":1,"name":"Home","item":"https:\/\/splitfilmfestival.hr\/hr\/"},{"@type":"ListItem","position":2,"name":"Festival"}]},{"@type":"WebSite","@id":"https:\/\/splitfilmfestival.hr\/hr\/#website","url":"https:\/\/splitfilmfestival.hr\/hr\/","name":"Split Film Festival","description":"","publisher":{"@id":"https:\/\/splitfilmfestival.hr\/hr\/#organization"},"potentialAction":[{"@type":"SearchAction","target":{"@type":"EntryPoint","urlTemplate":"https:\/\/splitfilmfestival.hr\/hr\/?s={search_term_string}"},"query-input":{"@type":"PropertyValueSpecification","valueRequired":true,"valueName":"search_term_string"}}],"inLanguage":"hr"},{"@type":"Organization","@id":"https:\/\/splitfilmfestival.hr\/hr\/#organization","name":"Split Film Festival","url":"https:\/\/splitfilmfestival.hr\/hr\/","logo":{"@type":"ImageObject","inLanguage":"hr","@id":"https:\/\/splitfilmfestival.hr\/hr\/#\/schema\/logo\/image\/","url":"https:\/\/splitfilmfestival.hr\/wp-content\/uploads\/2025\/03\/cropped-favicon-1.png","contentUrl":"https:\/\/splitfilmfestival.hr\/wp-content\/uploads\/2025\/03\/cropped-favicon-1.png","width":512,"height":512,"caption":"Split Film Festival"},"image":{"@id":"https:\/\/splitfilmfestival.hr\/hr\/#\/schema\/logo\/image\/"},"sameAs":["https:\/\/www.facebook.com\/SplitFilmFestival","https:\/\/x.com\/splitfmfest","https:\/\/www.instagram.com\/splitfmf\/","https:\/\/www.youtube.com\/channel\/UC5QMGP9-cGdtWjgWoyI6CtA\/videos"]}]}},"_links":{"self":[{"href":"https:\/\/splitfilmfestival.hr\/hr\/wp-json\/wp\/v2\/pages\/74","targetHints":{"allow":["GET"]}}],"collection":[{"href":"https:\/\/splitfilmfestival.hr\/hr\/wp-json\/wp\/v2\/pages"}],"about":[{"href":"https:\/\/splitfilmfestival.hr\/hr\/wp-json\/wp\/v2\/types\/page"}],"author":[{"embeddable":true,"href":"https:\/\/splitfilmfestival.hr\/hr\/wp-json\/wp\/v2\/users\/1"}],"replies":[{"embeddable":true,"href":"https:\/\/splitfilmfestival.hr\/hr\/wp-json\/wp\/v2\/comments?post=74"}],"version-history":[{"count":21,"href":"https:\/\/splitfilmfestival.hr\/hr\/wp-json\/wp\/v2\/pages\/74\/revisions"}],"predecessor-version":[{"id":2007,"href":"https:\/\/splitfilmfestival.hr\/hr\/wp-json\/wp\/v2\/pages\/74\/revisions\/2007"}],"wp:attachment":[{"href":"https:\/\/splitfilmfestival.hr\/hr\/wp-json\/wp\/v2\/media?parent=74"}],"curies":[{"name":"wp","href":"https:\/\/api.w.org\/{rel}","templated":true}]}}