{"id":63,"date":"2025-02-23T13:51:37","date_gmt":"2025-02-23T13:51:37","guid":{"rendered":"http:\/\/splitfilmfestival.local\/?page_id=63"},"modified":"2025-04-14T11:44:58","modified_gmt":"2025-04-14T11:44:58","slug":"politika-privatnosti","status":"publish","type":"page","link":"https:\/\/splitfilmfestival.hr\/hr\/politika-privatnosti\/","title":{"rendered":"Politika Privatnosti"},"content":{"rendered":"\n<h2 class=\"wp-block-heading\"><strong>IZJAVA O PRIVATNOSTI<\/strong><\/h2>\n\n\n\n<p>MFNF \/ SPLIT FILM FESTIVAL po\u0161tuje pravo svojih korisnika na privatnost osobnih podataka te se<br>obvezuje osigurati da su svi podaci prikupljeni putem njegovih mre\u017enih stranica za\u0161ti\u0107eni. Koriste\u0107i<br>mre\u017ene stranice MFNF \u2013 SPLIT FILM FESTIVALA ili bilo koju uslugu navedenu na njima, korisnik<br>prihva\u0107a uvjete kori\u0161tenja i dobrovoljno omogu\u0107ava pristup potrebnim podacima.<\/p>\n\n\n\n<h2 class=\"wp-block-heading\"><strong>1. Prikupljanje i kori\u0161tenje osobnih podataka<\/strong><\/h2>\n\n\n\n<p>U skladu sa Zakonom o za\u0161titi podataka, MFNF \u2013 SPLIT FILM FESTIVAL se obvezuje da \u0107e<br>prikupljati i obra\u0111ivati osobne podatke svojih korisnika isklju\u010divo uz njihovo dopu\u0161tenje i u svrhe o<br>kojima je korisnik prethodno obavije\u0161ten. U cilju izvr\u0161avanja tra\u017eene usluge, MFNF \u2013 SPLIT FILM<br>FESTIVAL slu\u017eit \u0107e se samo onim podacima koje korisnik osobno i dobrovoljno ustupa. Obvezujemo<br>se da spomenute podatke ne\u0107emo prodavati, dijeliti s javnosti, niti ih ustupati tre\u0107im stranama na<br>na\u010din koji nije naveden u ovoj Izjavi. Korisnik ima pravo zatra\u017eiti brisanje ili a\u017euriranje vlastitih<br>osobnih podataka u bilo kojem trenutku, i to slanjem elektroni\u010dke poruke MFNF \u2013 SPLIT FILM FESTIVALU.<\/p>\n\n\n\n<h2 class=\"wp-block-heading\"><strong>2. Pru\u017eanje usluga<\/strong><\/h2>\n\n\n\n<p>Korisnici na\u0161ih usluga du\u017eni su ustupiti svoje osobne podatke (ime, prezime, kontakt podatke), tj.<br>one podatke koji su nam potrebni kako bismo valjano isporu\u010dili tra\u017eenu uslugu. Navedeni podaci<br>koristit \u0107e se samo u svrhu pru\u017eanja usluge te \u0107e biti dostupni jedino partnerima MFNF \u2013 SPLIT<br>FILM FESTIVALA koji sudjeluju u pru\u017eanju doti\u010dne usluge. Podaci vezani uz pla\u0107anje (poput broja<br>kreditne kartice i sl.) za\u0161ti\u0107eni su i dostupni jedino bankama ili karti\u010dnim ku\u0107ama u svrhu autorizacije<br>pla\u0107anja.<br>MFNF \u2013 SPLIT FILM FESTIVAL izri\u010dito \u0107e navesti u kojem su slu\u010daju osobni podaci korisnika<br>potrebni te \u0107e te podatke proslje\u0111ivati jedino relevantnim tre\u0107im stranama.<br>Ljubazno podsje\u0107amo da korisnici moraju biti punoljetne osobe kako bi mogle vr\u0161iti transakcije<br>putem na\u0161ih mre\u017enih stranica. Korisnici ovim putem prihva\u0107aju financijsku odgovornost za<br>transakcije izvr\u0161ene od strane drugih osoba ili maloljetnika koji su \u010dlanovi njihova ku\u0107anstva.<br>Korisnik je tako\u0111er odgovoran za istinitost i to\u010dnost podataka ustupljenih MFNF \u2013 SPLIT FILM<br>FESTIVALU u svrhu rezervacija ili financijskih transakcija.<\/p>\n\n\n\n<h2 class=\"wp-block-heading\"><strong>3. Ostale mre\u017ene stranice i kola\u010di\u0107i<\/strong><\/h2>\n\n\n\n<p>Mre\u017ene stranice MFNF \u2013 SPLIT FILM FESTIVALA sadr\u017ee poveznice na druge mre\u017ene stranice.<br>Napominjemo da se MFNF \u2013 SPLIT FILM FESTIVAL ne mo\u017ee smatrati odgovornim za politiku<br>privatnosti drugih mre\u017enih stranica. Korisnicima na\u0161ih mre\u017enih stranica savjetujemo da pro\u010ditaju<br>Izjave o privatnosti na drugim mre\u017enim stranicama, budu\u0107i da se ova Izjava o privatnosti odnosi<br>isklju\u010divo na podatke prikupljene putem mre\u017enih stranica MFNF \u2013 SPLIT FILM FESTIVALA.<br>\u0160to su kola\u010di\u0107i? \u2013 Kola\u010di\u0107i (cookies) su male datoteke koje internetski preglednici spremaju na na\u0161e<br>ra\u010dunalo pri pristupanju pojedinim web-sjedi\u0161tima kako bi se omogu\u0107io br\u017ei pristup tim stranicama.<br>Kola\u010di\u0107i ne sadr\u017ee osobne podatke o korisnicima, ali nam omogu\u0107avaju da korisnicima osiguramo<br>dodatnu funkcionalnost mre\u017enih stranica.<br>Za\u0161to koristiti kola\u010di\u0107e? \u2013 Jedna od klju\u010dnih prednosti kori\u0161tenja kola\u010di\u0107a je br\u017ee i lak\u0161e kretanje<br>mre\u017enim stranicama, budu\u0107i da kola\u010di\u0107i internetskom pregledniku \u0161alju signal da je korisnik ve\u0107<br>posjetio odre\u0111enu stranicu. Kola\u010di\u0107i prepoznaju \u017eelje korisnika te omogu\u0107uju utvr\u0111ivanje interesa<br>korisnika za odre\u0111ene sadr\u017eaje na na\u0161im mre\u017enim stranicama.<br>Kola\u010di\u0107i su opcija koju nudi Va\u0161 internetski preglednik. Ve\u0107ina internetski preglednika postavljena je<br>tako da automatski prihva\u0107aju kola\u010di\u0107e, no korisnik mo\u017ee promijeniti postavke na svom internetskom<br>pregledniku i odbiti kori\u0161tenje kola\u010di\u0107a.<\/p>\n\n\n\n<h2 class=\"wp-block-heading\"><strong>4. Marketin\u0161ka djelatnost<\/strong><\/h2>\n\n\n\n<p>\u017deli li se prijaviti na na\u0161 Newsletter, korisnik treba navesti svoje ime i prezime te adresu elektroni\u010dke<br>po\u0161te. Navedeni podaci koristit \u0107e se isklju\u010divo u navedenu svrhu. Korisnik se mo\u017ee odjaviti u bilo<br>kojem trenutku tako \u0161to \u0107e kliknuti na \u201cOdjavi se\u201d u dnu elektroni\u010dke poruke ili tako \u0161to \u0107e na na\u0161u e-<br>mail adresu poslati zahtjev za odjavom i uklanjanjem svojih podataka s popisa primatelja.<\/p>\n\n\n\n<h2 class=\"wp-block-heading\"><strong>5. Sigurnost kori\u0161tenja Interneta<\/strong><\/h2>\n\n\n\n<p>MFNF \u2013 SPLIT FILM FESTIVAL poduzima sve raspolo\u017eive mjere kako bi za\u0161titio osobne podatke<br>svojih korisnika. Uno\u0161enje osobnih podataka sigurno je, a pristup njima ograni\u010den je na osobe<br>zadu\u017eene za osiguravanje kvalitete tra\u017eene usluge.<\/p>\n\n\n\n<h2 class=\"wp-block-heading\"><strong>6. Ograni\u010denje osobne i nekomercijalne uporabe<\/strong><\/h2>\n\n\n\n<p>Ove mre\u017ene stranice namijenjene su za osobnu, nekomercijalnu upotrebu. Zabranjeno je mijenjati,<br>kopirati, dijeliti, prikazivati, objavljivati i na druge na\u010dine prenositi ili prodavati bilo koje informacije,<br>usluge ili proizvode ogla\u0161ene na mre\u017enim stranicama MFNF \u2013 SPLIT FILM FESTIVALA.<\/p>\n\n\n\n<h2 class=\"wp-block-heading\"><strong>7. Vlasni\u0161tvo<\/strong><\/h2>\n\n\n\n<p>Sadr\u017eaj ovih mre\u017enih stranica vlasni\u0161tvo je MFNF \u2013 SPLIT FILM FESTIVALA, osim fotografija koje<br>se ne koriste u komercijalne svrhe i koje \u0107e biti uklonjene s ovih mre\u017enih stranica na zahtjev autora<br>ili vlasnika (ukoliko nije druga\u010dije dogovoreno).<\/p>\n\n\n\n<h2 class=\"wp-block-heading\"><strong>8. Ograni\u010denje odgovornosti<\/strong><\/h2>\n\n\n\n<p>Informacije objavljene na ovim mre\u017enim stranicama smatraju se to\u010dnima u trenutku objave. Sve<br>informacije redovito \u0107e se provjeravati, a eventualne pogre\u0161ke smjesta \u0107e se uklanjati. MFNF \u2013<br>SPLIT FILM FESTIVAL zadr\u017eava pravo izmjene informacija objavljenih na ovim mre\u017enim stranicama<br>bez prethodnog upozorenja.<\/p>\n\n\n\n<h2 class=\"wp-block-heading\"><strong>9. Zabrana nezakonitog kori\u0161tenja<\/strong><\/h2>\n\n\n\n<p>Kori\u0161tenjem ovih mre\u017enih stranica korisnik se obvezuje da podatke prikupljene na ovim mre\u017enim<br>stranicama ne\u0107e koristiti u zabranjene i nezakonite svrhe.<\/p>\n\n\n\n<h2 class=\"wp-block-heading\"><strong>10. Promjena uvjeta poslovanja<\/strong><\/h2>\n\n\n\n<p>MFNF \u2013 SPLIT FILM FESTIVAL zadr\u017eava pravo izmjene uvjeta kori\u0161tenja ovih mre\u017enih stranica.<\/p>\n","protected":false},"excerpt":{"rendered":"<p>IZJAVA O PRIVATNOSTI MFNF \/ SPLIT FILM FESTIVAL po\u0161tuje pravo svojih korisnika na privatnost osobnih podataka te seobvezuje osigurati da su svi podaci prikupljeni putem njegovih mre\u017enih stranica za\u0161ti\u0107eni. Koriste\u0107imre\u017ene stranice MFNF \u2013 SPLIT FILM FESTIVALA ili bilo koju uslugu navedenu na njima, korisnikprihva\u0107a uvjete kori\u0161tenja i dobrovoljno omogu\u0107ava pristup potrebnim podacima. 1. Prikupljanje i [&hellip;]<\/p>\n","protected":false},"author":1,"featured_media":0,"parent":0,"menu_order":0,"comment_status":"closed","ping_status":"closed","template":"","meta":{"_acf_changed":false,"footnotes":""},"class_list":["post-63","page","type-page","status-publish","hentry"],"acf":[],"yoast_head":"<!-- This site is optimized with the Yoast SEO plugin v27.4 - https:\/\/yoast.com\/product\/yoast-seo-wordpress\/ -->\n<title>Politika Privatnosti - Split Film Festival<\/title>\n<meta name=\"robots\" content=\"index, follow, max-snippet:-1, max-image-preview:large, max-video-preview:-1\" \/>\n<link rel=\"canonical\" href=\"https:\/\/splitfilmfestival.hr\/hr\/politika-privatnosti\/\" \/>\n<meta property=\"og:locale\" content=\"hr_HR\" \/>\n<meta property=\"og:type\" content=\"article\" \/>\n<meta property=\"og:title\" content=\"Politika Privatnosti - Split Film Festival\" \/>\n<meta property=\"og:description\" content=\"IZJAVA O PRIVATNOSTI MFNF \/ SPLIT FILM FESTIVAL po\u0161tuje pravo svojih korisnika na privatnost osobnih podataka te seobvezuje osigurati da su svi podaci prikupljeni putem njegovih mre\u017enih stranica za\u0161ti\u0107eni. Koriste\u0107imre\u017ene stranice MFNF \u2013 SPLIT FILM FESTIVALA ili bilo koju uslugu navedenu na njima, korisnikprihva\u0107a uvjete kori\u0161tenja i dobrovoljno omogu\u0107ava pristup potrebnim podacima. 1. Prikupljanje i [&hellip;]\" \/>\n<meta property=\"og:url\" content=\"https:\/\/splitfilmfestival.hr\/hr\/politika-privatnosti\/\" \/>\n<meta property=\"og:site_name\" content=\"Split Film Festival\" \/>\n<meta property=\"article:publisher\" content=\"https:\/\/www.facebook.com\/SplitFilmFestival\" \/>\n<meta property=\"article:modified_time\" content=\"2025-04-14T11:44:58+00:00\" \/>\n<meta property=\"og:image\" content=\"https:\/\/splitfilmfestival.hr\/wp-content\/uploads\/2025\/04\/newHomepageTestHorizontal-scaled.webp\" \/>\n\t<meta property=\"og:image:width\" content=\"2560\" \/>\n\t<meta property=\"og:image:height\" content=\"1584\" \/>\n\t<meta property=\"og:image:type\" content=\"image\/webp\" \/>\n<meta name=\"twitter:card\" content=\"summary_large_image\" \/>\n<meta name=\"twitter:site\" content=\"@splitfmfest\" \/>\n<meta name=\"twitter:label1\" content=\"Procijenjeno vrijeme \u010ditanja\" \/>\n\t<meta name=\"twitter:data1\" content=\"4 minute\" \/>\n<script type=\"application\/ld+json\" class=\"yoast-schema-graph\">{\"@context\":\"https:\\\/\\\/schema.org\",\"@graph\":[{\"@type\":\"WebPage\",\"@id\":\"https:\\\/\\\/splitfilmfestival.hr\\\/hr\\\/politika-privatnosti\\\/\",\"url\":\"https:\\\/\\\/splitfilmfestival.hr\\\/hr\\\/politika-privatnosti\\\/\",\"name\":\"Politika Privatnosti - Split Film Festival\",\"isPartOf\":{\"@id\":\"https:\\\/\\\/splitfilmfestival.hr\\\/hr\\\/#website\"},\"datePublished\":\"2025-02-23T13:51:37+00:00\",\"dateModified\":\"2025-04-14T11:44:58+00:00\",\"breadcrumb\":{\"@id\":\"https:\\\/\\\/splitfilmfestival.hr\\\/hr\\\/politika-privatnosti\\\/#breadcrumb\"},\"inLanguage\":\"hr\",\"potentialAction\":[{\"@type\":\"ReadAction\",\"target\":[\"https:\\\/\\\/splitfilmfestival.hr\\\/hr\\\/politika-privatnosti\\\/\"]}]},{\"@type\":\"BreadcrumbList\",\"@id\":\"https:\\\/\\\/splitfilmfestival.hr\\\/hr\\\/politika-privatnosti\\\/#breadcrumb\",\"itemListElement\":[{\"@type\":\"ListItem\",\"position\":1,\"name\":\"Home\",\"item\":\"https:\\\/\\\/splitfilmfestival.hr\\\/hr\\\/\"},{\"@type\":\"ListItem\",\"position\":2,\"name\":\"Politika Privatnosti\"}]},{\"@type\":\"WebSite\",\"@id\":\"https:\\\/\\\/splitfilmfestival.hr\\\/hr\\\/#website\",\"url\":\"https:\\\/\\\/splitfilmfestival.hr\\\/hr\\\/\",\"name\":\"Split Film Festival\",\"description\":\"\",\"publisher\":{\"@id\":\"https:\\\/\\\/splitfilmfestival.hr\\\/hr\\\/#organization\"},\"potentialAction\":[{\"@type\":\"SearchAction\",\"target\":{\"@type\":\"EntryPoint\",\"urlTemplate\":\"https:\\\/\\\/splitfilmfestival.hr\\\/hr\\\/?s={search_term_string}\"},\"query-input\":{\"@type\":\"PropertyValueSpecification\",\"valueRequired\":true,\"valueName\":\"search_term_string\"}}],\"inLanguage\":\"hr\"},{\"@type\":\"Organization\",\"@id\":\"https:\\\/\\\/splitfilmfestival.hr\\\/hr\\\/#organization\",\"name\":\"Split Film Festival\",\"url\":\"https:\\\/\\\/splitfilmfestival.hr\\\/hr\\\/\",\"logo\":{\"@type\":\"ImageObject\",\"inLanguage\":\"hr\",\"@id\":\"https:\\\/\\\/splitfilmfestival.hr\\\/hr\\\/#\\\/schema\\\/logo\\\/image\\\/\",\"url\":\"https:\\\/\\\/splitfilmfestival.hr\\\/wp-content\\\/uploads\\\/2025\\\/03\\\/cropped-favicon-1.png\",\"contentUrl\":\"https:\\\/\\\/splitfilmfestival.hr\\\/wp-content\\\/uploads\\\/2025\\\/03\\\/cropped-favicon-1.png\",\"width\":512,\"height\":512,\"caption\":\"Split Film Festival\"},\"image\":{\"@id\":\"https:\\\/\\\/splitfilmfestival.hr\\\/hr\\\/#\\\/schema\\\/logo\\\/image\\\/\"},\"sameAs\":[\"https:\\\/\\\/www.facebook.com\\\/SplitFilmFestival\",\"https:\\\/\\\/x.com\\\/splitfmfest\",\"https:\\\/\\\/www.instagram.com\\\/splitfmf\\\/\",\"https:\\\/\\\/www.youtube.com\\\/channel\\\/UC5QMGP9-cGdtWjgWoyI6CtA\\\/videos\"]}]}<\/script>\n<!-- \/ Yoast SEO plugin. -->","yoast_head_json":{"title":"Politika Privatnosti - Split Film Festival","robots":{"index":"index","follow":"follow","max-snippet":"max-snippet:-1","max-image-preview":"max-image-preview:large","max-video-preview":"max-video-preview:-1"},"canonical":"https:\/\/splitfilmfestival.hr\/hr\/politika-privatnosti\/","og_locale":"hr_HR","og_type":"article","og_title":"Politika Privatnosti - Split Film Festival","og_description":"IZJAVA O PRIVATNOSTI MFNF \/ SPLIT FILM FESTIVAL po\u0161tuje pravo svojih korisnika na privatnost osobnih podataka te seobvezuje osigurati da su svi podaci prikupljeni putem njegovih mre\u017enih stranica za\u0161ti\u0107eni. Koriste\u0107imre\u017ene stranice MFNF \u2013 SPLIT FILM FESTIVALA ili bilo koju uslugu navedenu na njima, korisnikprihva\u0107a uvjete kori\u0161tenja i dobrovoljno omogu\u0107ava pristup potrebnim podacima. 1. Prikupljanje i [&hellip;]","og_url":"https:\/\/splitfilmfestival.hr\/hr\/politika-privatnosti\/","og_site_name":"Split Film Festival","article_publisher":"https:\/\/www.facebook.com\/SplitFilmFestival","article_modified_time":"2025-04-14T11:44:58+00:00","og_image":[{"width":2560,"height":1584,"url":"https:\/\/splitfilmfestival.hr\/wp-content\/uploads\/2025\/04\/newHomepageTestHorizontal-scaled.webp","type":"image\/webp"}],"twitter_card":"summary_large_image","twitter_site":"@splitfmfest","twitter_misc":{"Procijenjeno vrijeme \u010ditanja":"4 minute"},"schema":{"@context":"https:\/\/schema.org","@graph":[{"@type":"WebPage","@id":"https:\/\/splitfilmfestival.hr\/hr\/politika-privatnosti\/","url":"https:\/\/splitfilmfestival.hr\/hr\/politika-privatnosti\/","name":"Politika Privatnosti - Split Film Festival","isPartOf":{"@id":"https:\/\/splitfilmfestival.hr\/hr\/#website"},"datePublished":"2025-02-23T13:51:37+00:00","dateModified":"2025-04-14T11:44:58+00:00","breadcrumb":{"@id":"https:\/\/splitfilmfestival.hr\/hr\/politika-privatnosti\/#breadcrumb"},"inLanguage":"hr","potentialAction":[{"@type":"ReadAction","target":["https:\/\/splitfilmfestival.hr\/hr\/politika-privatnosti\/"]}]},{"@type":"BreadcrumbList","@id":"https:\/\/splitfilmfestival.hr\/hr\/politika-privatnosti\/#breadcrumb","itemListElement":[{"@type":"ListItem","position":1,"name":"Home","item":"https:\/\/splitfilmfestival.hr\/hr\/"},{"@type":"ListItem","position":2,"name":"Politika Privatnosti"}]},{"@type":"WebSite","@id":"https:\/\/splitfilmfestival.hr\/hr\/#website","url":"https:\/\/splitfilmfestival.hr\/hr\/","name":"Split Film Festival","description":"","publisher":{"@id":"https:\/\/splitfilmfestival.hr\/hr\/#organization"},"potentialAction":[{"@type":"SearchAction","target":{"@type":"EntryPoint","urlTemplate":"https:\/\/splitfilmfestival.hr\/hr\/?s={search_term_string}"},"query-input":{"@type":"PropertyValueSpecification","valueRequired":true,"valueName":"search_term_string"}}],"inLanguage":"hr"},{"@type":"Organization","@id":"https:\/\/splitfilmfestival.hr\/hr\/#organization","name":"Split Film Festival","url":"https:\/\/splitfilmfestival.hr\/hr\/","logo":{"@type":"ImageObject","inLanguage":"hr","@id":"https:\/\/splitfilmfestival.hr\/hr\/#\/schema\/logo\/image\/","url":"https:\/\/splitfilmfestival.hr\/wp-content\/uploads\/2025\/03\/cropped-favicon-1.png","contentUrl":"https:\/\/splitfilmfestival.hr\/wp-content\/uploads\/2025\/03\/cropped-favicon-1.png","width":512,"height":512,"caption":"Split Film Festival"},"image":{"@id":"https:\/\/splitfilmfestival.hr\/hr\/#\/schema\/logo\/image\/"},"sameAs":["https:\/\/www.facebook.com\/SplitFilmFestival","https:\/\/x.com\/splitfmfest","https:\/\/www.instagram.com\/splitfmf\/","https:\/\/www.youtube.com\/channel\/UC5QMGP9-cGdtWjgWoyI6CtA\/videos"]}]}},"_links":{"self":[{"href":"https:\/\/splitfilmfestival.hr\/hr\/wp-json\/wp\/v2\/pages\/63","targetHints":{"allow":["GET"]}}],"collection":[{"href":"https:\/\/splitfilmfestival.hr\/hr\/wp-json\/wp\/v2\/pages"}],"about":[{"href":"https:\/\/splitfilmfestival.hr\/hr\/wp-json\/wp\/v2\/types\/page"}],"author":[{"embeddable":true,"href":"https:\/\/splitfilmfestival.hr\/hr\/wp-json\/wp\/v2\/users\/1"}],"replies":[{"embeddable":true,"href":"https:\/\/splitfilmfestival.hr\/hr\/wp-json\/wp\/v2\/comments?post=63"}],"version-history":[{"count":4,"href":"https:\/\/splitfilmfestival.hr\/hr\/wp-json\/wp\/v2\/pages\/63\/revisions"}],"predecessor-version":[{"id":603,"href":"https:\/\/splitfilmfestival.hr\/hr\/wp-json\/wp\/v2\/pages\/63\/revisions\/603"}],"wp:attachment":[{"href":"https:\/\/splitfilmfestival.hr\/hr\/wp-json\/wp\/v2\/media?parent=63"}],"curies":[{"name":"wp","href":"https:\/\/api.w.org\/{rel}","templated":true}]}}