{"id":425,"date":"2025-03-27T18:20:56","date_gmt":"2025-03-27T18:20:56","guid":{"rendered":"http:\/\/splitfilmfestival.local\/arhiva\/"},"modified":"2026-02-09T20:16:09","modified_gmt":"2026-02-09T20:16:09","slug":"arhiva","status":"publish","type":"page","link":"https:\/\/splitfilmfestival.hr\/hr\/arhiva\/","title":{"rendered":"Arhiva"},"content":{"rendered":"<section style=\"background-image: url(https:\/\/splitfilmfestival.hr\/wp-content\/uploads\/2025\/04\/newmasonrybgcolortesthorizontal-1536x864.webp)\" class=\"not-prose container-breakout relative bg-fixed bg-cover bg-center bg-no-repeat mt-20 mb-32 last:-mb-10\">\n      <div class=\"absolute left-0 top-0 h-full w-full bg-black bg-opacity-60 backdrop-blur-[3px]\"><\/div>\n  \n  <div class=\"container relative z-1 flex flex-col items-center justify-center text-white py-24\">\n    <h3 class=\"mb-4 text-2xl sm:text-3xl md:text-4xl text-center font-bold\">Pogledajte program ovogodi\u0161njeg festivala<\/h3>\n    <p class=\"mb-8 text-justify max-w-3xl line-clamp-4\">Otkrivamo \u0161to vas sve o\u010dekuje \u2013 istra\u017eite filmove, termine i doga\u0111anja!<\/p>\n\n          <a href=\"\/hr\/program\" target=\"\" class=\"btn\">Program<\/a>\n      <\/div>\n<\/section>\n","protected":false},"excerpt":{"rendered":"","protected":false},"author":1,"featured_media":0,"parent":0,"menu_order":0,"comment_status":"closed","ping_status":"closed","template":"template-archive.php","meta":{"_acf_changed":false,"footnotes":""},"class_list":["post-425","page","type-page","status-publish","hentry"],"acf":[],"yoast_head":"<!-- This site is optimized with the Yoast SEO plugin v27.5 - https:\/\/yoast.com\/product\/yoast-seo-wordpress\/ -->\n<title>Arhiva - Split Film Festival<\/title>\n<meta name=\"description\" content=\"Pregledajte kompletnu arhivu filmova prikazanih na Split Film Festivalu. Istra\u017eite pro\u0161le programe, istaknute autore i nagra\u0111ivane filmove.\" \/>\n<meta name=\"robots\" content=\"index, follow, max-snippet:-1, max-image-preview:large, max-video-preview:-1\" \/>\n<link rel=\"canonical\" href=\"https:\/\/splitfilmfestival.hr\/hr\/arhiva\/\" \/>\n<meta property=\"og:locale\" content=\"hr_HR\" \/>\n<meta property=\"og:type\" content=\"article\" \/>\n<meta property=\"og:title\" content=\"Arhiva - Split Film Festival\" \/>\n<meta property=\"og:description\" content=\"Pregledajte kompletnu arhivu filmova prikazanih na Split Film Festivalu. Istra\u017eite pro\u0161le programe, istaknute autore i nagra\u0111ivane filmove.\" \/>\n<meta property=\"og:url\" content=\"https:\/\/splitfilmfestival.hr\/hr\/arhiva\/\" \/>\n<meta property=\"og:site_name\" content=\"Split Film Festival\" \/>\n<meta property=\"article:publisher\" content=\"https:\/\/www.facebook.com\/SplitFilmFestival\" \/>\n<meta property=\"article:modified_time\" content=\"2026-02-09T20:16:09+00:00\" \/>\n<meta property=\"og:image\" content=\"https:\/\/splitfilmfestival.hr\/wp-content\/uploads\/2025\/04\/newHomepageTestHorizontal-scaled.webp\" \/>\n\t<meta property=\"og:image:width\" content=\"2560\" \/>\n\t<meta property=\"og:image:height\" content=\"1584\" \/>\n\t<meta property=\"og:image:type\" content=\"image\/webp\" \/>\n<meta name=\"twitter:card\" content=\"summary_large_image\" \/>\n<meta name=\"twitter:site\" content=\"@splitfmfest\" \/>\n<script type=\"application\/ld+json\" class=\"yoast-schema-graph\">{\"@context\":\"https:\\\/\\\/schema.org\",\"@graph\":[{\"@type\":\"WebPage\",\"@id\":\"https:\\\/\\\/splitfilmfestival.hr\\\/hr\\\/arhiva\\\/\",\"url\":\"https:\\\/\\\/splitfilmfestival.hr\\\/hr\\\/arhiva\\\/\",\"name\":\"Arhiva - Split Film Festival\",\"isPartOf\":{\"@id\":\"https:\\\/\\\/splitfilmfestival.hr\\\/hr\\\/#website\"},\"datePublished\":\"2025-03-27T18:20:56+00:00\",\"dateModified\":\"2026-02-09T20:16:09+00:00\",\"description\":\"Pregledajte kompletnu arhivu filmova prikazanih na Split Film Festivalu. Istra\u017eite pro\u0161le programe, istaknute autore i nagra\u0111ivane filmove.\",\"breadcrumb\":{\"@id\":\"https:\\\/\\\/splitfilmfestival.hr\\\/hr\\\/arhiva\\\/#breadcrumb\"},\"inLanguage\":\"hr\",\"potentialAction\":[{\"@type\":\"ReadAction\",\"target\":[\"https:\\\/\\\/splitfilmfestival.hr\\\/hr\\\/arhiva\\\/\"]}]},{\"@type\":\"BreadcrumbList\",\"@id\":\"https:\\\/\\\/splitfilmfestival.hr\\\/hr\\\/arhiva\\\/#breadcrumb\",\"itemListElement\":[{\"@type\":\"ListItem\",\"position\":1,\"name\":\"Home\",\"item\":\"https:\\\/\\\/splitfilmfestival.hr\\\/hr\\\/\"},{\"@type\":\"ListItem\",\"position\":2,\"name\":\"Arhiva\"}]},{\"@type\":\"WebSite\",\"@id\":\"https:\\\/\\\/splitfilmfestival.hr\\\/hr\\\/#website\",\"url\":\"https:\\\/\\\/splitfilmfestival.hr\\\/hr\\\/\",\"name\":\"Split Film Festival\",\"description\":\"\",\"publisher\":{\"@id\":\"https:\\\/\\\/splitfilmfestival.hr\\\/hr\\\/#organization\"},\"potentialAction\":[{\"@type\":\"SearchAction\",\"target\":{\"@type\":\"EntryPoint\",\"urlTemplate\":\"https:\\\/\\\/splitfilmfestival.hr\\\/hr\\\/?s={search_term_string}\"},\"query-input\":{\"@type\":\"PropertyValueSpecification\",\"valueRequired\":true,\"valueName\":\"search_term_string\"}}],\"inLanguage\":\"hr\"},{\"@type\":\"Organization\",\"@id\":\"https:\\\/\\\/splitfilmfestival.hr\\\/hr\\\/#organization\",\"name\":\"Split Film Festival\",\"url\":\"https:\\\/\\\/splitfilmfestival.hr\\\/hr\\\/\",\"logo\":{\"@type\":\"ImageObject\",\"inLanguage\":\"hr\",\"@id\":\"https:\\\/\\\/splitfilmfestival.hr\\\/hr\\\/#\\\/schema\\\/logo\\\/image\\\/\",\"url\":\"https:\\\/\\\/splitfilmfestival.hr\\\/wp-content\\\/uploads\\\/2025\\\/03\\\/cropped-favicon-1.png\",\"contentUrl\":\"https:\\\/\\\/splitfilmfestival.hr\\\/wp-content\\\/uploads\\\/2025\\\/03\\\/cropped-favicon-1.png\",\"width\":512,\"height\":512,\"caption\":\"Split Film Festival\"},\"image\":{\"@id\":\"https:\\\/\\\/splitfilmfestival.hr\\\/hr\\\/#\\\/schema\\\/logo\\\/image\\\/\"},\"sameAs\":[\"https:\\\/\\\/www.facebook.com\\\/SplitFilmFestival\",\"https:\\\/\\\/x.com\\\/splitfmfest\",\"https:\\\/\\\/www.instagram.com\\\/splitfmf\\\/\",\"https:\\\/\\\/www.youtube.com\\\/channel\\\/UC5QMGP9-cGdtWjgWoyI6CtA\\\/videos\"]}]}<\/script>\n<!-- \/ Yoast SEO plugin. -->","yoast_head_json":{"title":"Arhiva - Split Film Festival","description":"Pregledajte kompletnu arhivu filmova prikazanih na Split Film Festivalu. Istra\u017eite pro\u0161le programe, istaknute autore i nagra\u0111ivane filmove.","robots":{"index":"index","follow":"follow","max-snippet":"max-snippet:-1","max-image-preview":"max-image-preview:large","max-video-preview":"max-video-preview:-1"},"canonical":"https:\/\/splitfilmfestival.hr\/hr\/arhiva\/","og_locale":"hr_HR","og_type":"article","og_title":"Arhiva - Split Film Festival","og_description":"Pregledajte kompletnu arhivu filmova prikazanih na Split Film Festivalu. Istra\u017eite pro\u0161le programe, istaknute autore i nagra\u0111ivane filmove.","og_url":"https:\/\/splitfilmfestival.hr\/hr\/arhiva\/","og_site_name":"Split Film Festival","article_publisher":"https:\/\/www.facebook.com\/SplitFilmFestival","article_modified_time":"2026-02-09T20:16:09+00:00","og_image":[{"width":2560,"height":1584,"url":"https:\/\/splitfilmfestival.hr\/wp-content\/uploads\/2025\/04\/newHomepageTestHorizontal-scaled.webp","type":"image\/webp"}],"twitter_card":"summary_large_image","twitter_site":"@splitfmfest","schema":{"@context":"https:\/\/schema.org","@graph":[{"@type":"WebPage","@id":"https:\/\/splitfilmfestival.hr\/hr\/arhiva\/","url":"https:\/\/splitfilmfestival.hr\/hr\/arhiva\/","name":"Arhiva - Split Film Festival","isPartOf":{"@id":"https:\/\/splitfilmfestival.hr\/hr\/#website"},"datePublished":"2025-03-27T18:20:56+00:00","dateModified":"2026-02-09T20:16:09+00:00","description":"Pregledajte kompletnu arhivu filmova prikazanih na Split Film Festivalu. Istra\u017eite pro\u0161le programe, istaknute autore i nagra\u0111ivane filmove.","breadcrumb":{"@id":"https:\/\/splitfilmfestival.hr\/hr\/arhiva\/#breadcrumb"},"inLanguage":"hr","potentialAction":[{"@type":"ReadAction","target":["https:\/\/splitfilmfestival.hr\/hr\/arhiva\/"]}]},{"@type":"BreadcrumbList","@id":"https:\/\/splitfilmfestival.hr\/hr\/arhiva\/#breadcrumb","itemListElement":[{"@type":"ListItem","position":1,"name":"Home","item":"https:\/\/splitfilmfestival.hr\/hr\/"},{"@type":"ListItem","position":2,"name":"Arhiva"}]},{"@type":"WebSite","@id":"https:\/\/splitfilmfestival.hr\/hr\/#website","url":"https:\/\/splitfilmfestival.hr\/hr\/","name":"Split Film Festival","description":"","publisher":{"@id":"https:\/\/splitfilmfestival.hr\/hr\/#organization"},"potentialAction":[{"@type":"SearchAction","target":{"@type":"EntryPoint","urlTemplate":"https:\/\/splitfilmfestival.hr\/hr\/?s={search_term_string}"},"query-input":{"@type":"PropertyValueSpecification","valueRequired":true,"valueName":"search_term_string"}}],"inLanguage":"hr"},{"@type":"Organization","@id":"https:\/\/splitfilmfestival.hr\/hr\/#organization","name":"Split Film Festival","url":"https:\/\/splitfilmfestival.hr\/hr\/","logo":{"@type":"ImageObject","inLanguage":"hr","@id":"https:\/\/splitfilmfestival.hr\/hr\/#\/schema\/logo\/image\/","url":"https:\/\/splitfilmfestival.hr\/wp-content\/uploads\/2025\/03\/cropped-favicon-1.png","contentUrl":"https:\/\/splitfilmfestival.hr\/wp-content\/uploads\/2025\/03\/cropped-favicon-1.png","width":512,"height":512,"caption":"Split Film Festival"},"image":{"@id":"https:\/\/splitfilmfestival.hr\/hr\/#\/schema\/logo\/image\/"},"sameAs":["https:\/\/www.facebook.com\/SplitFilmFestival","https:\/\/x.com\/splitfmfest","https:\/\/www.instagram.com\/splitfmf\/","https:\/\/www.youtube.com\/channel\/UC5QMGP9-cGdtWjgWoyI6CtA\/videos"]}]}},"_links":{"self":[{"href":"https:\/\/splitfilmfestival.hr\/hr\/wp-json\/wp\/v2\/pages\/425","targetHints":{"allow":["GET"]}}],"collection":[{"href":"https:\/\/splitfilmfestival.hr\/hr\/wp-json\/wp\/v2\/pages"}],"about":[{"href":"https:\/\/splitfilmfestival.hr\/hr\/wp-json\/wp\/v2\/types\/page"}],"author":[{"embeddable":true,"href":"https:\/\/splitfilmfestival.hr\/hr\/wp-json\/wp\/v2\/users\/1"}],"replies":[{"embeddable":true,"href":"https:\/\/splitfilmfestival.hr\/hr\/wp-json\/wp\/v2\/comments?post=425"}],"version-history":[{"count":9,"href":"https:\/\/splitfilmfestival.hr\/hr\/wp-json\/wp\/v2\/pages\/425\/revisions"}],"predecessor-version":[{"id":647,"href":"https:\/\/splitfilmfestival.hr\/hr\/wp-json\/wp\/v2\/pages\/425\/revisions\/647"}],"wp:attachment":[{"href":"https:\/\/splitfilmfestival.hr\/hr\/wp-json\/wp\/v2\/media?parent=425"}],"curies":[{"name":"wp","href":"https:\/\/api.w.org\/{rel}","templated":true}]}}